{"id":661,"date":"2024-12-01T05:13:57","date_gmt":"2024-12-01T05:13:57","guid":{"rendered":"https:\/\/cybelevarela.com\/referencias\/"},"modified":"2024-12-01T05:13:57","modified_gmt":"2024-12-01T05:13:57","slug":"referencias","status":"publish","type":"page","link":"https:\/\/cybelevarela.com\/pt-br\/referencias\/","title":{"rendered":"Refer\u00eancias"},"content":{"rendered":"\t\t<div data-elementor-type=\"wp-page\" data-elementor-id=\"661\" class=\"elementor elementor-661 elementor-122\" data-elementor-post-type=\"page\">\n\t\t\t\t\t\t<section class=\"elementor-section elementor-top-section elementor-element elementor-element-97b2bc5 elementor-section-boxed elementor-section-height-default elementor-section-height-default\" data-id=\"97b2bc5\" data-element_type=\"section\" data-e-type=\"section\">\n\t\t\t\t\t\t<div class=\"elementor-container elementor-column-gap-default\">\n\t\t\t\t\t<div class=\"elementor-column elementor-col-100 elementor-top-column elementor-element elementor-element-e7a042b\" data-id=\"e7a042b\" data-element_type=\"column\" data-e-type=\"column\">\n\t\t\t<div class=\"elementor-widget-wrap elementor-element-populated\">\n\t\t\t\t\t\t<div class=\"elementor-element elementor-element-0aebf2f elementor-icon-list--layout-inline elementor-list-item-link-full_width elementor-widget elementor-widget-icon-list\" data-id=\"0aebf2f\" data-element_type=\"widget\" data-e-type=\"widget\" data-widget_type=\"icon-list.default\">\n\t\t\t\t\t\t\t<ul class=\"elementor-icon-list-items elementor-inline-items\">\n\t\t\t\t\t\t\t<li class=\"elementor-icon-list-item elementor-inline-item\">\n\t\t\t\t\t\t\t\t\t\t\t<a href=\"https:\/\/cybelevarela.com\/bibliography\/\">\n\n\t\t\t\t\t\t\t\t\t\t\t<span class=\"elementor-icon-list-text\">Publications<\/span>\n\t\t\t\t\t\t\t\t\t\t\t<\/a>\n\t\t\t\t\t\t\t\t\t<\/li>\n\t\t\t\t\t\t\t\t<li class=\"elementor-icon-list-item elementor-inline-item\">\n\t\t\t\t\t\t\t\t\t\t\t<a href=\"https:\/\/cybelevarela.com\/texts\/\">\n\n\t\t\t\t\t\t\t\t\t\t\t<span class=\"elementor-icon-list-text\"> Texts <\/span>\n\t\t\t\t\t\t\t\t\t\t\t<\/a>\n\t\t\t\t\t\t\t\t\t<\/li>\n\t\t\t\t\t\t\t\t<li class=\"elementor-icon-list-item elementor-inline-item\">\n\t\t\t\t\t\t\t\t\t\t\t<a href=\"https:\/\/cybelevarela.com\/articles\/\">\n\n\t\t\t\t\t\t\t\t\t\t\t<span class=\"elementor-icon-list-text\"> Articles<\/span>\n\t\t\t\t\t\t\t\t\t\t\t<\/a>\n\t\t\t\t\t\t\t\t\t<\/li>\n\t\t\t\t\t\t\t\t<li class=\"elementor-icon-list-item elementor-inline-item\">\n\t\t\t\t\t\t\t\t\t\t\t<a href=\"https:\/\/cybelevarela.com\/references\/\">\n\n\t\t\t\t\t\t\t\t\t\t\t<span class=\"elementor-icon-list-text\"><span style=\"color: #ff6600\"> References <\/span><\/span>\n\t\t\t\t\t\t\t\t\t\t\t<\/a>\n\t\t\t\t\t\t\t\t\t<\/li>\n\t\t\t\t\t\t<\/ul>\n\t\t\t\t\t\t<\/div>\n\t\t\t\t\t<\/div>\n\t\t<\/div>\n\t\t\t\t\t<\/div>\n\t\t<\/section>\n\t\t\t\t<section class=\"elementor-section elementor-top-section elementor-element elementor-element-d8a37f9 elementor-section-boxed elementor-section-height-default elementor-section-height-default\" data-id=\"d8a37f9\" data-element_type=\"section\" data-e-type=\"section\">\n\t\t\t\t\t\t<div class=\"elementor-container elementor-column-gap-default\">\n\t\t\t\t\t<div class=\"elementor-column elementor-col-100 elementor-top-column elementor-element elementor-element-3c00906\" data-id=\"3c00906\" data-element_type=\"column\" data-e-type=\"column\">\n\t\t\t<div class=\"elementor-widget-wrap elementor-element-populated\">\n\t\t\t\t\t\t<div class=\"elementor-element elementor-element-7b94572 elementor-widget elementor-widget-text-editor\" data-id=\"7b94572\" data-element_type=\"widget\" data-e-type=\"widget\" data-widget_type=\"text-editor.default\">\n\t\t\t\t\t\t\t\t\t<p><strong>SELECTED BOOKS AND CATALOGUES<br \/><\/strong><\/p><p>Assche, Christine van (ed.), Vid\u00e9o et apr\u00e8s: la collection vid\u00e9o du Mus\u00e9e National d\u2019Art Moderne. Paris, Editions du Centre Pompidou, 1992.<\/p><p>Benezit, E. Dictionnaire des Peintres, Sculpteurs, Dessinateurs et Graveurs. Paris, Grund, 1999.<\/p><p>Brazilian Artists: Artur Barrio, Carlos Latuff, Francisco Rodrigues Da Silva, Cybele Varela, Alejadinho, Hercules Florence, Cildo Meireles. Memphis, Books LLC, 2010. Cavalcanti, Carlos and Ayala, Walmir (ed). Dicionario brasileiro de artistas plasticos. Bras\u00edlia, MEC\/INL, 1973-1980.<\/p><p>Chalumeau, Jean-Luc. Initiation \u00e0 la lecture de l\u2019art contemporain. Paris, Nathan, 1976.<\/p><p>Collection Nestl\u00e9 1986. Echandens, Imprimerie Nestl\u00e9, 1986.<\/p><p>Cyb\u00e8le Varela. Prefacio de Maurice Pianzola. Lausanne, Mus\u00e9e Cantonal des Beaux-Arts, 1980.<\/p><p>Cyb\u00e8le Varela : peintures, 1960-1984. Textos de Jean-Jacques L\u00e9v\u00eaque, Frederico Morais, Jean-Luc Chalumeau e Pierre Restany. Genebra, Imprimerie Genevoise S.A., 1984.<\/p><p>Cyb\u00e8le Varela, Surroundings. Rio de Janeiro, MNBA, 2003.<\/p><p>Cyb\u00e8le Varela. Textos de Bruno Mantura e Cyb\u00e8le Varela. Roma, Gangemi, 2007.<\/p><p>Cyb\u00e8le Varela. Ad Sidera per Athanasius Kircher. Textos de Maurizio Fallace, Peter-Hans Kolvenbach S.J., Paolo Portoghesi, Eugenio Lo Sardo, Francesco Sisinni, Mauro Giancaspro, Cyb\u00e8le Varela, Alessandro Orlandi, Enrico Salvatore Anselmi, Ariane Varela Braga. Roma, Gangemi, 2008.<\/p><p>Enciclop\u00e9dia Ita\u00fa Cultural de Artes Visuais<\/p><p>Funda\u00e7\u00e3o Bienal de S\u00e3o Paulo<\/p><p>Jost, Karl (ed). K\u00fcnstlerverzeichnis der Schweiz, 1980-1990. Z\u00fcrich, Institut f\u00fcr Kunstwissenschaft, 1991.<\/p><p>Leite, Jos\u00e9 Roberto Teixeira. Dicion\u00e1rio critico da pintura no Brasil. Rio de Janeiro, Artlivre, 1988.<\/p><p>Leite, Jos\u00e9 Roberto Teixeira. 500 anos da pintura brasileira. CD-Rom, LogOn, 2000.<\/p><p>Locatelli, Valentina and Varela Braga, Ariane (eds.), Cyb\u00e8le Varela. Tropicalismo Remixed. Milano, Silvana Editoriale, 2018.<\/p><p>Morineau, Camille (ed.), elles@centrepompidou, artistes femmes dans la collection du Mus\u00e9e national d\u2019art moderne, centre de cr\u00e9ation industrielle. Paris, Edition du Centre Pompidou, 2009.<\/p><p>Pintores do Rio de Janeiro: Sergio Telles, Pedro Bruno, Di Cavalcanti, Nelson Padrella, Cyb\u00e8le Varela, Georg Grimm, H\u00e9lio Oiticica, Laerpe Motta, Rubens Gerchmann, Rosina Becker do Valle, Lygia Pape, Abigail de Andrade, Daniel Senise, Beatriz Milhazes. Memphis, Books, LLC, 2011.<\/p><p>Pontual, Roberto. Dicion\u00e1rio das artes pl\u00e1sticas no Brasil. Rio de Janeiro, Civiliza\u00e7\u00e3o Brasileira, 1969.<\/p><p>Restany, Pierre (ed.), Les Hyperr\u00e9alistes. Evreux, Centre culturel international de Vascoeuil, 1974.<\/p><p>Tabra, Marta. Art of Latin America, 1900-1980. Washington, Inter-American Developement Bank, 1994.<\/p><p>Zanini, Walter (ed.) Historia geral da arte no Brasil. S\u00e3o Paulo, Instituto Walther Moreira Salles, Funda\u00e7\u00e3o Djalma Guimar\u00e3es, 1983.<\/p>\t\t\t\t\t\t\t\t<\/div>\n\t\t\t\t\t<\/div>\n\t\t<\/div>\n\t\t\t\t\t<\/div>\n\t\t<\/section>\n\t\t\t\t<\/div>\n\t\t","protected":false},"excerpt":{"rendered":"<p>Publica\u00e7\u00f5es Textos Artigos Refer\u00eancias LIVROS E CAT\u00c1LOGOS SELECIONADOS Assche, Christine van (ed.), Vid\u00e9o et apr\u00e8s: la collection vid\u00e9o du Mus\u00e9e National d&#8217;Art Moderne. Paris, Editions du Centre Pompidou, 1992. Benezit, E. Dictionnaire des Peintres, Sculpteurs, Dessinateurs et Graveurs. Paris, Grund, 1999. Artistas brasileiros: Artur Barrio, Carlos Latuff, Francisco Rodrigues da Silva, Cybele Varela, Alejadinho, Hercules [&hellip;]<\/p>\n","protected":false},"author":1,"featured_media":0,"parent":0,"menu_order":0,"comment_status":"closed","ping_status":"closed","template":"elementor_header_footer","meta":{"footnotes":""},"class_list":["post-661","page","type-page","status-publish","hentry"],"_links":{"self":[{"href":"https:\/\/cybelevarela.com\/pt-br\/wp-json\/wp\/v2\/pages\/661","targetHints":{"allow":["GET"]}}],"collection":[{"href":"https:\/\/cybelevarela.com\/pt-br\/wp-json\/wp\/v2\/pages"}],"about":[{"href":"https:\/\/cybelevarela.com\/pt-br\/wp-json\/wp\/v2\/types\/page"}],"author":[{"embeddable":true,"href":"https:\/\/cybelevarela.com\/pt-br\/wp-json\/wp\/v2\/users\/1"}],"replies":[{"embeddable":true,"href":"https:\/\/cybelevarela.com\/pt-br\/wp-json\/wp\/v2\/comments?post=661"}],"version-history":[{"count":0,"href":"https:\/\/cybelevarela.com\/pt-br\/wp-json\/wp\/v2\/pages\/661\/revisions"}],"wp:attachment":[{"href":"https:\/\/cybelevarela.com\/pt-br\/wp-json\/wp\/v2\/media?parent=661"}],"curies":[{"name":"wp","href":"https:\/\/api.w.org\/{rel}","templated":true}]}}