{"id":660,"date":"2024-12-06T04:16:38","date_gmt":"2024-12-06T04:16:38","guid":{"rendered":"https:\/\/cybelevarela.com\/objetos\/"},"modified":"2024-12-27T08:34:15","modified_gmt":"2024-12-27T08:34:15","slug":"objetos","status":"publish","type":"page","link":"https:\/\/cybelevarela.com\/pt-br\/objetos\/","title":{"rendered":"OBJETOS"},"content":{"rendered":"\t\t<div data-elementor-type=\"wp-page\" data-elementor-id=\"660\" class=\"elementor elementor-660 elementor-427\" data-elementor-post-type=\"page\">\n\t\t\t\t\t\t<section class=\"elementor-section elementor-top-section elementor-element elementor-element-4f60132 elementor-section-boxed elementor-section-height-default elementor-section-height-default\" data-id=\"4f60132\" data-element_type=\"section\" data-e-type=\"section\">\n\t\t\t\t\t\t<div class=\"elementor-container elementor-column-gap-default\">\n\t\t\t\t\t<div class=\"elementor-column elementor-col-50 elementor-top-column elementor-element elementor-element-2da66d6\" data-id=\"2da66d6\" data-element_type=\"column\" data-e-type=\"column\">\n\t\t\t<div class=\"elementor-widget-wrap elementor-element-populated\">\n\t\t\t\t\t\t<div class=\"elementor-element elementor-element-28e7469 elementor-nav-menu__align-start elementor-nav-menu--dropdown-tablet elementor-nav-menu__text-align-aside elementor-nav-menu--toggle elementor-nav-menu--burger elementor-widget elementor-widget-nav-menu\" data-id=\"28e7469\" data-element_type=\"widget\" data-e-type=\"widget\" data-settings=\"{&quot;layout&quot;:&quot;vertical&quot;,&quot;submenu_icon&quot;:{&quot;value&quot;:&quot;&lt;i class=\\&quot;fas fa-caret-down\\&quot;&gt;&lt;\\\/i&gt;&quot;,&quot;library&quot;:&quot;fa-solid&quot;},&quot;toggle&quot;:&quot;burger&quot;}\" data-widget_type=\"nav-menu.default\">\n\t\t\t\t\t\t\t\t<nav aria-label=\"Men\u00fa\" class=\"elementor-nav-menu--main elementor-nav-menu__container elementor-nav-menu--layout-vertical e--pointer-none\">\n\t\t\t\t<ul id=\"menu-1-28e7469\" class=\"elementor-nav-menu sm-vertical\"><li class=\"menu-item menu-item-type-custom menu-item-object-custom menu-item-670\"><a href=\"\/pt-br\/works\/\" class=\"elementor-item\">DECADE 2010<\/a><\/li>\n<li class=\"menu-item menu-item-type-post_type menu-item-object-page menu-item-671\"><a href=\"https:\/\/cybelevarela.com\/pt-br\/decada-2000\/\" class=\"elementor-item\">D\u00c9CADA 2000<\/a><\/li>\n<li class=\"menu-item menu-item-type-custom menu-item-object-custom menu-item-672\"><a href=\"\/pt-br\/decade-1990\" class=\"elementor-item\">DECADE 1990<\/a><\/li>\n<li class=\"menu-item menu-item-type-custom menu-item-object-custom menu-item-673\"><a href=\"\/pt-br\/decade-1980\/\" class=\"elementor-item\">DECADE 1980<\/a><\/li>\n<li class=\"menu-item menu-item-type-custom menu-item-object-custom menu-item-674\"><a href=\"\/pt-br\/decade-1970\/\" class=\"elementor-item\">DECADE 1970<\/a><\/li>\n<li class=\"menu-item menu-item-type-custom menu-item-object-custom menu-item-675\"><a href=\"\/pt-br\/decade-1960\/\" class=\"elementor-item\">DECADE 1960<\/a><\/li>\n<li class=\"menu-item menu-item-type-custom menu-item-object-custom menu-item-676\"><a href=\"\/pt-br\/videos\/\" class=\"elementor-item\">VIDEOS<\/a><\/li>\n<li class=\"menu-item menu-item-type-custom menu-item-object-custom menu-item-677\"><a href=\"\/pt-br\/objects\/\" class=\"elementor-item\">OBJECTS<\/a><\/li>\n<\/ul>\t\t\t<\/nav>\n\t\t\t\t\t<div class=\"elementor-menu-toggle\" role=\"button\" tabindex=\"0\" aria-label=\"Alternar menu\" aria-expanded=\"false\">\n\t\t\t<i aria-hidden=\"true\" role=\"presentation\" class=\"elementor-menu-toggle__icon--open eicon-menu-bar\"><\/i><i aria-hidden=\"true\" role=\"presentation\" class=\"elementor-menu-toggle__icon--close eicon-close\"><\/i>\t\t<\/div>\n\t\t\t\t\t<nav class=\"elementor-nav-menu--dropdown elementor-nav-menu__container\" aria-hidden=\"true\">\n\t\t\t\t<ul id=\"menu-2-28e7469\" class=\"elementor-nav-menu sm-vertical\"><li class=\"menu-item menu-item-type-custom menu-item-object-custom menu-item-670\"><a href=\"\/pt-br\/works\/\" class=\"elementor-item\" tabindex=\"-1\">DECADE 2010<\/a><\/li>\n<li class=\"menu-item menu-item-type-post_type menu-item-object-page menu-item-671\"><a href=\"https:\/\/cybelevarela.com\/pt-br\/decada-2000\/\" class=\"elementor-item\" tabindex=\"-1\">D\u00c9CADA 2000<\/a><\/li>\n<li class=\"menu-item menu-item-type-custom menu-item-object-custom menu-item-672\"><a href=\"\/pt-br\/decade-1990\" class=\"elementor-item\" tabindex=\"-1\">DECADE 1990<\/a><\/li>\n<li class=\"menu-item menu-item-type-custom menu-item-object-custom menu-item-673\"><a href=\"\/pt-br\/decade-1980\/\" class=\"elementor-item\" tabindex=\"-1\">DECADE 1980<\/a><\/li>\n<li class=\"menu-item menu-item-type-custom menu-item-object-custom menu-item-674\"><a href=\"\/pt-br\/decade-1970\/\" class=\"elementor-item\" tabindex=\"-1\">DECADE 1970<\/a><\/li>\n<li class=\"menu-item menu-item-type-custom menu-item-object-custom menu-item-675\"><a href=\"\/pt-br\/decade-1960\/\" class=\"elementor-item\" tabindex=\"-1\">DECADE 1960<\/a><\/li>\n<li class=\"menu-item menu-item-type-custom menu-item-object-custom menu-item-676\"><a href=\"\/pt-br\/videos\/\" class=\"elementor-item\" tabindex=\"-1\">VIDEOS<\/a><\/li>\n<li class=\"menu-item menu-item-type-custom menu-item-object-custom menu-item-677\"><a href=\"\/pt-br\/objects\/\" class=\"elementor-item\" tabindex=\"-1\">OBJECTS<\/a><\/li>\n<\/ul>\t\t\t<\/nav>\n\t\t\t\t\t\t<\/div>\n\t\t\t\t\t<\/div>\n\t\t<\/div>\n\t\t\t\t<div class=\"elementor-column elementor-col-50 elementor-top-column elementor-element elementor-element-5344e2a\" data-id=\"5344e2a\" data-element_type=\"column\" data-e-type=\"column\">\n\t\t\t<div class=\"elementor-widget-wrap elementor-element-populated\">\n\t\t\t\t\t\t<div class=\"elementor-element elementor-element-23fa38b elementor-widget elementor-widget-text-editor\" data-id=\"23fa38b\" data-element_type=\"widget\" data-e-type=\"widget\" data-widget_type=\"text-editor.default\">\n\t\t\t\t\t\t\t\t\t<div class=\"et_pb_module et_pb_text et_pb_text_1 et_pb_text_align_left et_pb_bg_layout_light\">\n<div class=\"et_pb_text_inner\">\n<p><strong>OBJETOS<\/strong><\/p>\n<\/div>\n<\/div>\n\t\t\t\t\t\t\t\t<\/div>\n\t\t\t\t<div class=\"elementor-element elementor-element-c50324b elementor-widget elementor-widget-gallery\" data-id=\"c50324b\" data-element_type=\"widget\" data-e-type=\"widget\" data-settings=\"{&quot;gap&quot;:{&quot;unit&quot;:&quot;px&quot;,&quot;size&quot;:6,&quot;sizes&quot;:[]},&quot;aspect_ratio&quot;:&quot;1:1&quot;,&quot;overlay_title&quot;:&quot;title&quot;,&quot;overlay_description&quot;:&quot;caption&quot;,&quot;lazyload&quot;:&quot;yes&quot;,&quot;gallery_layout&quot;:&quot;grid&quot;,&quot;columns&quot;:4,&quot;columns_tablet&quot;:2,&quot;columns_mobile&quot;:1,&quot;gap_tablet&quot;:{&quot;unit&quot;:&quot;px&quot;,&quot;size&quot;:10,&quot;sizes&quot;:[]},&quot;gap_mobile&quot;:{&quot;unit&quot;:&quot;px&quot;,&quot;size&quot;:10,&quot;sizes&quot;:[]},&quot;link_to&quot;:&quot;file&quot;,&quot;overlay_background&quot;:&quot;yes&quot;,&quot;content_hover_animation&quot;:&quot;fade-in&quot;}\" data-widget_type=\"gallery.default\">\n\t\t\t\t\t\t\t<div class=\"elementor-gallery__container\">\n\t\t\t\t\t\t\t<a class=\"e-gallery-item elementor-gallery-item elementor-animated-content\" href=\"https:\/\/cybelevarela.com\/wp-content\/uploads\/2024\/12\/2000-73-2.jpg\" data-elementor-open-lightbox=\"yes\" data-elementor-lightbox-slideshow=\"c50324b\" data-elementor-lightbox-title=\"Obelisco, 2007\" data-e-action-hash=\"#elementor-action%3Aaction%3Dlightbox%26settings%3DeyJpZCI6NDI5LCJ1cmwiOiJodHRwczpcL1wvY3liZWxldmFyZWxhLmNvbVwvd3AtY29udGVudFwvdXBsb2Fkc1wvMjAyNFwvMTJcLzIwMDAtNzMtMi5qcGciLCJzbGlkZXNob3ciOiJjNTAzMjRiIn0%3D\">\n\t\t\t\t\t<div class=\"e-gallery-image elementor-gallery-item__image\" data-thumbnail=\"https:\/\/cybelevarela.com\/wp-content\/uploads\/2024\/12\/2000-73-2.jpg\" data-width=\"532\" data-height=\"710\" aria-label=\"\" role=\"img\" ><\/div>\n\t\t\t\t\t\t\t\t\t\t\t<div class=\"elementor-gallery-item__overlay\"><\/div>\n\t\t\t\t\t\t\t\t\t\t\t\t\t\t\t<div class=\"elementor-gallery-item__content\">\n\t\t\t\t\t\t\t\t\t\t\t\t\t\t<div class=\"elementor-gallery-item__title\">\n\t\t\t\t\t\t\t\t\t\t\t\t\t\t\t\t\t\tObelisco, 2007\t\t\t\t\t\t\t\t<\/div>\n\t\t\t\t\t\t\t\t\t\t\t\t\t\t\t<div class=\"elementor-gallery-item__description\">\n\t\t\t\t\t\t\t\t\t\t\t\t\t\t\t\t\t\tacr\u00edlico e laca sobre madeira e espelho cm 102,5 x 42 x 30\n\t\t\t\t\t\t\t\t<\/div>\n\t\t\t\t\t\t\t\t\t\t\t\t<\/div>\n\t\t\t\t\t\t\t\t\t<\/a>\n\t\t\t\t\t\t\t<a class=\"e-gallery-item elementor-gallery-item elementor-animated-content\" href=\"https:\/\/cybelevarela.com\/wp-content\/uploads\/2024\/12\/1990-23.jpg\" data-elementor-open-lightbox=\"yes\" data-elementor-lightbox-slideshow=\"c50324b\" data-elementor-lightbox-title=\"Redu\u00e7\u00e3o universal 1, 2, 3, 1995\" data-e-action-hash=\"#elementor-action%3Aaction%3Dlightbox%26settings%3DeyJpZCI6NDM4LCJ1cmwiOiJodHRwczpcL1wvY3liZWxldmFyZWxhLmNvbVwvd3AtY29udGVudFwvdXBsb2Fkc1wvMjAyNFwvMTJcLzE5OTAtMjMuanBnIiwic2xpZGVzaG93IjoiYzUwMzI0YiJ9\">\n\t\t\t\t\t<div class=\"e-gallery-image elementor-gallery-item__image\" data-thumbnail=\"https:\/\/cybelevarela.com\/wp-content\/uploads\/2024\/12\/1990-23.jpg\" data-width=\"884\" data-height=\"300\" aria-label=\"\" role=\"img\" ><\/div>\n\t\t\t\t\t\t\t\t\t\t\t<div class=\"elementor-gallery-item__overlay\"><\/div>\n\t\t\t\t\t\t\t\t\t\t\t\t\t\t\t<div class=\"elementor-gallery-item__content\">\n\t\t\t\t\t\t\t\t\t\t\t\t\t\t<div class=\"elementor-gallery-item__title\">\n\t\t\t\t\t\t\t\t\t\t\t\t\t\t\t\t\t\tRedu\u00e7\u00e3o universal 1, 2, 3, 1995\t\t\t\t\t\t\t\t<\/div>\n\t\t\t\t\t\t\t\t\t\t\t\t\t\t\t<div class=\"elementor-gallery-item__description\">\n\t\t\t\t\t\t\t\t\t\t\t\t\t\t\t\t\t\tMateriais diversos cm 25x15x15\t\t\t\t\t\t\t\t<\/div>\n\t\t\t\t\t\t\t\t\t\t\t\t<\/div>\n\t\t\t\t\t\t\t\t\t<\/a>\n\t\t\t\t\t\t\t<a class=\"e-gallery-item elementor-gallery-item elementor-animated-content\" href=\"https:\/\/cybelevarela.com\/wp-content\/uploads\/2024\/12\/1990-26.jpg\" data-elementor-open-lightbox=\"yes\" data-elementor-lightbox-slideshow=\"c50324b\" data-elementor-lightbox-title=\"Colagem sobre madeira\" data-e-action-hash=\"#elementor-action%3Aaction%3Dlightbox%26settings%3DeyJpZCI6NDM3LCJ1cmwiOiJodHRwczpcL1wvY3liZWxldmFyZWxhLmNvbVwvd3AtY29udGVudFwvdXBsb2Fkc1wvMjAyNFwvMTJcLzE5OTAtMjYuanBnIiwic2xpZGVzaG93IjoiYzUwMzI0YiJ9\">\n\t\t\t\t\t<div class=\"e-gallery-image elementor-gallery-item__image\" data-thumbnail=\"https:\/\/cybelevarela.com\/wp-content\/uploads\/2024\/12\/1990-26.jpg\" data-width=\"866\" data-height=\"650\" aria-label=\"\" role=\"img\" ><\/div>\n\t\t\t\t\t\t\t\t\t\t\t<div class=\"elementor-gallery-item__overlay\"><\/div>\n\t\t\t\t\t\t\t\t\t\t\t\t\t\t\t<div class=\"elementor-gallery-item__content\">\n\t\t\t\t\t\t\t\t\t\t\t\t\t\t<div class=\"elementor-gallery-item__title\">\n\t\t\t\t\t\t\t\t\t\t\t\t\t\t\t\t\t\tColagem sobre madeira\t\t\t\t\t\t\t\t<\/div>\n\t\t\t\t\t\t\t\t\t\t\t\t\t\t\t<div class=\"elementor-gallery-item__description\">\n\t\t\t\t\t\t\t\t\t\t\t\t\t\t\t\t\t\tcm 12x17x4\t\t\t\t\t\t\t\t<\/div>\n\t\t\t\t\t\t\t\t\t\t\t\t<\/div>\n\t\t\t\t\t\t\t\t\t<\/a>\n\t\t\t\t\t\t\t<a class=\"e-gallery-item elementor-gallery-item elementor-animated-content\" href=\"https:\/\/cybelevarela.com\/wp-content\/uploads\/2024\/12\/1970-23.jpg\" data-elementor-open-lightbox=\"yes\" data-elementor-lightbox-slideshow=\"c50324b\" data-elementor-lightbox-title=\"Ce qui descend et qui s\u2019en va, 1972\" data-e-action-hash=\"#elementor-action%3Aaction%3Dlightbox%26settings%3DeyJpZCI6NDM2LCJ1cmwiOiJodHRwczpcL1wvY3liZWxldmFyZWxhLmNvbVwvd3AtY29udGVudFwvdXBsb2Fkc1wvMjAyNFwvMTJcLzE5NzAtMjMuanBnIiwic2xpZGVzaG93IjoiYzUwMzI0YiJ9\">\n\t\t\t\t\t<div class=\"e-gallery-image elementor-gallery-item__image\" data-thumbnail=\"https:\/\/cybelevarela.com\/wp-content\/uploads\/2024\/12\/1970-23.jpg\" data-width=\"964\" data-height=\"540\" aria-label=\"\" role=\"img\" ><\/div>\n\t\t\t\t\t\t\t\t\t\t\t<div class=\"elementor-gallery-item__overlay\"><\/div>\n\t\t\t\t\t\t\t\t\t\t\t\t\t\t\t<div class=\"elementor-gallery-item__content\">\n\t\t\t\t\t\t\t\t\t\t\t\t\t\t<div class=\"elementor-gallery-item__title\">\n\t\t\t\t\t\t\t\t\t\t\t\t\t\t\t\t\t\tCe qui descend et qui s\u2019en va, 1972\t\t\t\t\t\t\t\t<\/div>\n\t\t\t\t\t\t\t\t\t\t\t\t\t\t\t<div class=\"elementor-gallery-item__description\">\n\t\t\t\t\t\t\t\t\t\t\t\t\t\t\t\t\t\tPlexiglas cm 25x50x20\t\t\t\t\t\t\t\t<\/div>\n\t\t\t\t\t\t\t\t\t\t\t\t<\/div>\n\t\t\t\t\t\t\t\t\t<\/a>\n\t\t\t\t\t\t\t<a class=\"e-gallery-item elementor-gallery-item elementor-animated-content\" href=\"https:\/\/cybelevarela.com\/wp-content\/uploads\/2024\/12\/1970-27.jpg\" data-elementor-open-lightbox=\"yes\" data-elementor-lightbox-slideshow=\"c50324b\" data-elementor-lightbox-title=\"Etoiles, 1972\" data-e-action-hash=\"#elementor-action%3Aaction%3Dlightbox%26settings%3DeyJpZCI6NDM1LCJ1cmwiOiJodHRwczpcL1wvY3liZWxldmFyZWxhLmNvbVwvd3AtY29udGVudFwvdXBsb2Fkc1wvMjAyNFwvMTJcLzE5NzAtMjcuanBnIiwic2xpZGVzaG93IjoiYzUwMzI0YiJ9\">\n\t\t\t\t\t<div class=\"e-gallery-image elementor-gallery-item__image\" data-thumbnail=\"https:\/\/cybelevarela.com\/wp-content\/uploads\/2024\/12\/1970-27.jpg\" data-width=\"932\" data-height=\"600\" aria-label=\"\" role=\"img\" ><\/div>\n\t\t\t\t\t\t\t\t\t\t\t<div class=\"elementor-gallery-item__overlay\"><\/div>\n\t\t\t\t\t\t\t\t\t\t\t\t\t\t\t<div class=\"elementor-gallery-item__content\">\n\t\t\t\t\t\t\t\t\t\t\t\t\t\t<div class=\"elementor-gallery-item__title\">\n\t\t\t\t\t\t\t\t\t\t\t\t\t\t\t\t\t\tEtoiles, 1972\t\t\t\t\t\t\t\t<\/div>\n\t\t\t\t\t\t\t\t\t\t\t\t\t\t\t<div class=\"elementor-gallery-item__description\">\n\t\t\t\t\t\t\t\t\t\t\t\t\t\t\t\t\t\tcm 30x50x5\t\t\t\t\t\t\t\t<\/div>\n\t\t\t\t\t\t\t\t\t\t\t\t<\/div>\n\t\t\t\t\t\t\t\t\t<\/a>\n\t\t\t\t\t\t\t<a class=\"e-gallery-item elementor-gallery-item elementor-animated-content\" href=\"https:\/\/cybelevarela.com\/wp-content\/uploads\/2024\/12\/1970-35-rotated.jpg\" data-elementor-open-lightbox=\"yes\" data-elementor-lightbox-slideshow=\"c50324b\" data-elementor-lightbox-title=\"Seul, 1972\" data-e-action-hash=\"#elementor-action%3Aaction%3Dlightbox%26settings%3DeyJpZCI6NDMwLCJ1cmwiOiJodHRwczpcL1wvY3liZWxldmFyZWxhLmNvbVwvd3AtY29udGVudFwvdXBsb2Fkc1wvMjAyNFwvMTJcLzE5NzAtMzUtcm90YXRlZC5qcGciLCJzbGlkZXNob3ciOiJjNTAzMjRiIn0%3D\">\n\t\t\t\t\t<div class=\"e-gallery-image elementor-gallery-item__image\" data-thumbnail=\"https:\/\/cybelevarela.com\/wp-content\/uploads\/2024\/12\/1970-35-rotated.jpg\" data-width=\"650\" data-height=\"867\" aria-label=\"\" role=\"img\" ><\/div>\n\t\t\t\t\t\t\t\t\t\t\t<div class=\"elementor-gallery-item__overlay\"><\/div>\n\t\t\t\t\t\t\t\t\t\t\t\t\t\t\t<div class=\"elementor-gallery-item__content\">\n\t\t\t\t\t\t\t\t\t\t\t\t\t\t<div class=\"elementor-gallery-item__title\">\n\t\t\t\t\t\t\t\t\t\t\t\t\t\t\t\t\t\tSeul, 1972\t\t\t\t\t\t\t\t<\/div>\n\t\t\t\t\t\t\t\t\t\t\t\t\t\t\t<div class=\"elementor-gallery-item__description\">\n\t\t\t\t\t\t\t\t\t\t\t\t\t\t\t\t\t\tcm 30x30\t\t\t\t\t\t\t\t<\/div>\n\t\t\t\t\t\t\t\t\t\t\t\t<\/div>\n\t\t\t\t\t\t\t\t\t<\/a>\n\t\t\t\t\t\t\t<a class=\"e-gallery-item elementor-gallery-item elementor-animated-content\" href=\"https:\/\/cybelevarela.com\/wp-content\/uploads\/2024\/12\/1970-41-rotated.jpg\" data-elementor-open-lightbox=\"yes\" data-elementor-lightbox-slideshow=\"c50324b\" data-elementor-lightbox-title=\"La possibilit\u00e9 d\u2019un cercle, 1972\" data-e-action-hash=\"#elementor-action%3Aaction%3Dlightbox%26settings%3DeyJpZCI6NDMxLCJ1cmwiOiJodHRwczpcL1wvY3liZWxldmFyZWxhLmNvbVwvd3AtY29udGVudFwvdXBsb2Fkc1wvMjAyNFwvMTJcLzE5NzAtNDEtcm90YXRlZC5qcGciLCJzbGlkZXNob3ciOiJjNTAzMjRiIn0%3D\">\n\t\t\t\t\t<div class=\"e-gallery-image elementor-gallery-item__image\" data-thumbnail=\"https:\/\/cybelevarela.com\/wp-content\/uploads\/2024\/12\/1970-41-rotated.jpg\" data-width=\"750\" data-height=\"948\" aria-label=\"\" role=\"img\" ><\/div>\n\t\t\t\t\t\t\t\t\t\t\t<div class=\"elementor-gallery-item__overlay\"><\/div>\n\t\t\t\t\t\t\t\t\t\t\t\t\t\t\t<div class=\"elementor-gallery-item__content\">\n\t\t\t\t\t\t\t\t\t\t\t\t\t\t<div class=\"elementor-gallery-item__title\">\n\t\t\t\t\t\t\t\t\t\t\t\t\t\t\t\t\t\tLa possibilit\u00e9 d\u2019un cercle, 1972\t\t\t\t\t\t\t\t<\/div>\n\t\t\t\t\t\t\t\t\t\t\t\t\t\t\t<div class=\"elementor-gallery-item__description\">\n\t\t\t\t\t\t\t\t\t\t\t\t\t\t\t\t\t\t Diam. cm 12\t\t\t\t\t\t\t\t<\/div>\n\t\t\t\t\t\t\t\t\t\t\t\t<\/div>\n\t\t\t\t\t\t\t\t\t<\/a>\n\t\t\t\t\t\t\t<a class=\"e-gallery-item elementor-gallery-item elementor-animated-content\" href=\"https:\/\/cybelevarela.com\/wp-content\/uploads\/2024\/12\/1960-25.jpg\" data-elementor-open-lightbox=\"yes\" data-elementor-lightbox-slideshow=\"c50324b\" data-elementor-lightbox-title=\"Telefone real, 1967\" data-e-action-hash=\"#elementor-action%3Aaction%3Dlightbox%26settings%3DeyJpZCI6NDM5LCJ1cmwiOiJodHRwczpcL1wvY3liZWxldmFyZWxhLmNvbVwvd3AtY29udGVudFwvdXBsb2Fkc1wvMjAyNFwvMTJcLzE5NjAtMjUuanBnIiwic2xpZGVzaG93IjoiYzUwMzI0YiJ9\">\n\t\t\t\t\t<div class=\"e-gallery-image elementor-gallery-item__image\" data-thumbnail=\"https:\/\/cybelevarela.com\/wp-content\/uploads\/2024\/12\/1960-25.jpg\" data-width=\"887\" data-height=\"600\" aria-label=\"\" role=\"img\" ><\/div>\n\t\t\t\t\t\t\t\t\t\t\t<div class=\"elementor-gallery-item__overlay\"><\/div>\n\t\t\t\t\t\t\t\t\t\t\t\t\t\t\t<div class=\"elementor-gallery-item__content\">\n\t\t\t\t\t\t\t\t\t\t\t\t\t\t<div class=\"elementor-gallery-item__title\">\n\t\t\t\t\t\t\t\t\t\t\t\t\t\t\t\t\t\tTelefone real, 1967\t\t\t\t\t\t\t\t<\/div>\n\t\t\t\t\t\t\t\t\t\t\t\t\t\t\t<div class=\"elementor-gallery-item__description\">\n\t\t\t\t\t\t\t\t\t\t\t\t\t\t\t\t\t\tAcr\u00edlico sobre madeira, espelho e colagem cm 17x27x2\t\t\t\t\t\t\t\t<\/div>\n\t\t\t\t\t\t\t\t\t\t\t\t<\/div>\n\t\t\t\t\t\t\t\t\t<\/a>\n\t\t\t\t\t\t\t<a class=\"e-gallery-item elementor-gallery-item elementor-animated-content\" href=\"https:\/\/cybelevarela.com\/wp-content\/uploads\/2024\/12\/Varela-Cybele-286-Romulo-Fialdini_MAM-SP.jpg\" data-elementor-open-lightbox=\"yes\" data-elementor-lightbox-slideshow=\"c50324b\" data-elementor-lightbox-title=\"Um passeio feliz, 1970\" data-e-action-hash=\"#elementor-action%3Aaction%3Dlightbox%26settings%3DeyJpZCI6NDM0LCJ1cmwiOiJodHRwczpcL1wvY3liZWxldmFyZWxhLmNvbVwvd3AtY29udGVudFwvdXBsb2Fkc1wvMjAyNFwvMTJcL1ZhcmVsYS1DeWJlbGUtMjg2LVJvbXVsby1GaWFsZGluaV9NQU0tU1AuanBnIiwic2xpZGVzaG93IjoiYzUwMzI0YiJ9\">\n\t\t\t\t\t<div class=\"e-gallery-image elementor-gallery-item__image\" data-thumbnail=\"https:\/\/cybelevarela.com\/wp-content\/uploads\/2024\/12\/Varela-Cybele-286-Romulo-Fialdini_MAM-SP.jpg\" data-width=\"1000\" data-height=\"1007\" aria-label=\"\" role=\"img\" ><\/div>\n\t\t\t\t\t\t\t\t\t\t\t<div class=\"elementor-gallery-item__overlay\"><\/div>\n\t\t\t\t\t\t\t\t\t\t\t\t\t\t\t<div class=\"elementor-gallery-item__content\">\n\t\t\t\t\t\t\t\t\t\t\t\t\t\t<div class=\"elementor-gallery-item__title\">\n\t\t\t\t\t\t\t\t\t\t\t\t\t\t\t\t\t\tUm passeio feliz, 1970\t\t\t\t\t\t\t\t<\/div>\n\t\t\t\t\t\t\t\t\t\t\t\t\t\t\t<div class=\"elementor-gallery-item__description\">\n\t\t\t\t\t\t\t\t\t\t\t\t\t\t\t\t\t\tDescripci\u00f3n: Puzzle\/esmalte sintetico sobre madeira\nDimensiones: cm 100x100\nLocal: MAM-Sao Paulo-SP Brasil\t\t\t\t\t\t\t\t<\/div>\n\t\t\t\t\t\t\t\t\t\t\t\t<\/div>\n\t\t\t\t\t\t\t\t\t<\/a>\n\t\t\t\t\t\t\t<a class=\"e-gallery-item elementor-gallery-item elementor-animated-content\" href=\"https:\/\/cybelevarela.com\/wp-content\/uploads\/2024\/12\/1970-33.jpg\" data-elementor-open-lightbox=\"yes\" data-elementor-lightbox-slideshow=\"c50324b\" data-elementor-lightbox-title=\"Um passeio feliz 2, 1970\" data-e-action-hash=\"#elementor-action%3Aaction%3Dlightbox%26settings%3DeyJpZCI6NDMyLCJ1cmwiOiJodHRwczpcL1wvY3liZWxldmFyZWxhLmNvbVwvd3AtY29udGVudFwvdXBsb2Fkc1wvMjAyNFwvMTJcLzE5NzAtMzMuanBnIiwic2xpZGVzaG93IjoiYzUwMzI0YiJ9\">\n\t\t\t\t\t<div class=\"e-gallery-image elementor-gallery-item__image\" data-thumbnail=\"https:\/\/cybelevarela.com\/wp-content\/uploads\/2024\/12\/1970-33.jpg\" data-width=\"788\" data-height=\"550\" aria-label=\"\" role=\"img\" ><\/div>\n\t\t\t\t\t\t\t\t\t\t\t<div class=\"elementor-gallery-item__overlay\"><\/div>\n\t\t\t\t\t\t\t\t\t\t\t\t\t\t\t<div class=\"elementor-gallery-item__content\">\n\t\t\t\t\t\t\t\t\t\t\t\t\t\t<div class=\"elementor-gallery-item__title\">\n\t\t\t\t\t\t\t\t\t\t\t\t\t\t\t\t\t\tUm passeio feliz 2, 1970\t\t\t\t\t\t\t\t<\/div>\n\t\t\t\t\t\t\t\t\t\t\t\t\t\t\t<div class=\"elementor-gallery-item__description\">\n\t\t\t\t\t\t\t\t\t\t\t\t\t\t\t\t\t\t Puzzle\/esmalte sintetico sobre madeira Dimensiones: cm 90x90\nCole\u00e7\u00e3o: Privada, Brasil\t\t\t\t\t\t\t\t<\/div>\n\t\t\t\t\t\t\t\t\t\t\t\t<\/div>\n\t\t\t\t\t\t\t\t\t<\/a>\n\t\t\t\t\t\t\t<a class=\"e-gallery-item elementor-gallery-item elementor-animated-content\" href=\"https:\/\/cybelevarela.com\/wp-content\/uploads\/2024\/12\/1960-10.jpg\" data-elementor-open-lightbox=\"yes\" data-elementor-lightbox-slideshow=\"c50324b\" data-elementor-lightbox-title=\"Um passeio feliz 1, 1969\" data-e-action-hash=\"#elementor-action%3Aaction%3Dlightbox%26settings%3DeyJpZCI6NDMzLCJ1cmwiOiJodHRwczpcL1wvY3liZWxldmFyZWxhLmNvbVwvd3AtY29udGVudFwvdXBsb2Fkc1wvMjAyNFwvMTJcLzE5NjAtMTAuanBnIiwic2xpZGVzaG93IjoiYzUwMzI0YiJ9\">\n\t\t\t\t\t<div class=\"e-gallery-image elementor-gallery-item__image\" data-thumbnail=\"https:\/\/cybelevarela.com\/wp-content\/uploads\/2024\/12\/1960-10.jpg\" data-width=\"782\" data-height=\"550\" aria-label=\"\" role=\"img\" ><\/div>\n\t\t\t\t\t\t\t\t\t\t\t<div class=\"elementor-gallery-item__overlay\"><\/div>\n\t\t\t\t\t\t\t\t\t\t\t\t\t\t\t<div class=\"elementor-gallery-item__content\">\n\t\t\t\t\t\t\t\t\t\t\t\t\t\t<div class=\"elementor-gallery-item__title\">\n\t\t\t\t\t\t\t\t\t\t\t\t\t\t\t\t\t\tUm passeio feliz 1, 1969\t\t\t\t\t\t\t\t<\/div>\n\t\t\t\t\t\t\t\t\t\t\t\t\t\t\t<div class=\"elementor-gallery-item__description\">\n\t\t\t\t\t\t\t\t\t\t\t\t\t\t\t\t\t\tPuzzle\/esmalte sintetico sobre madeira\nDimensiones: cm 120x120\nCole\u00e7\u00e3o: Privada, Brasil\t\t\t\t\t\t\t\t<\/div>\n\t\t\t\t\t\t\t\t\t\t\t\t<\/div>\n\t\t\t\t\t\t\t\t\t<\/a>\n\t\t\t\t\t<\/div>\n\t\t\t\t\t<\/div>\n\t\t\t\t\t<\/div>\n\t\t<\/div>\n\t\t\t\t\t<\/div>\n\t\t<\/section>\n\t\t\t\t<\/div>\n\t\t","protected":false},"excerpt":{"rendered":"<p>OBJETOS Obelisco, 2007 acr\u00edlico e laca sobre madeira e espelho cm 102,5 x 42 x 30 Redu\u00e7\u00e3o universal 1, 2, 3, 1995 Materiais diversos cm 25x15x15 Colagem sobre madeira cm 12x17x4 Ce qui descend et qui s\u2019en va, 1972 Plexiglas cm 25x50x20 Etoiles, 1972 cm 30x50x5 Seul, 1972 cm 30&#215;30 La possibilit\u00e9 d\u2019un cercle, 1972 [&hellip;]<\/p>\n","protected":false},"author":1,"featured_media":0,"parent":0,"menu_order":0,"comment_status":"closed","ping_status":"closed","template":"elementor_header_footer","meta":{"footnotes":""},"class_list":["post-660","page","type-page","status-publish","hentry"],"_links":{"self":[{"href":"https:\/\/cybelevarela.com\/pt-br\/wp-json\/wp\/v2\/pages\/660","targetHints":{"allow":["GET"]}}],"collection":[{"href":"https:\/\/cybelevarela.com\/pt-br\/wp-json\/wp\/v2\/pages"}],"about":[{"href":"https:\/\/cybelevarela.com\/pt-br\/wp-json\/wp\/v2\/types\/page"}],"author":[{"embeddable":true,"href":"https:\/\/cybelevarela.com\/pt-br\/wp-json\/wp\/v2\/users\/1"}],"replies":[{"embeddable":true,"href":"https:\/\/cybelevarela.com\/pt-br\/wp-json\/wp\/v2\/comments?post=660"}],"version-history":[{"count":5,"href":"https:\/\/cybelevarela.com\/pt-br\/wp-json\/wp\/v2\/pages\/660\/revisions"}],"predecessor-version":[{"id":925,"href":"https:\/\/cybelevarela.com\/pt-br\/wp-json\/wp\/v2\/pages\/660\/revisions\/925"}],"wp:attachment":[{"href":"https:\/\/cybelevarela.com\/pt-br\/wp-json\/wp\/v2\/media?parent=660"}],"curies":[{"name":"wp","href":"https:\/\/api.w.org\/{rel}","templated":true}]}}