{"id":615,"date":"2024-12-01T04:17:11","date_gmt":"2024-12-01T04:17:11","guid":{"rendered":"https:\/\/cybelevarela.com\/colecoes\/"},"modified":"2025-02-18T12:15:59","modified_gmt":"2025-02-18T12:15:59","slug":"colecoes","status":"publish","type":"page","link":"https:\/\/cybelevarela.com\/pt-br\/colecoes\/","title":{"rendered":"Cole\u00e7\u00f5es"},"content":{"rendered":"\t\t<div data-elementor-type=\"wp-page\" data-elementor-id=\"615\" class=\"elementor elementor-615 elementor-63\" data-elementor-post-type=\"page\">\n\t\t\t\t\t\t<section class=\"elementor-section elementor-top-section elementor-element elementor-element-f17255b elementor-section-boxed elementor-section-height-default elementor-section-height-default\" data-id=\"f17255b\" data-element_type=\"section\" data-e-type=\"section\">\n\t\t\t\t\t\t<div class=\"elementor-container elementor-column-gap-default\">\n\t\t\t\t\t<div class=\"elementor-column elementor-col-100 elementor-top-column elementor-element elementor-element-6465aaa\" data-id=\"6465aaa\" data-element_type=\"column\" data-e-type=\"column\">\n\t\t\t<div class=\"elementor-widget-wrap elementor-element-populated\">\n\t\t\t\t\t\t<div class=\"elementor-element elementor-element-7836536 elementor-icon-list--layout-inline elementor-list-item-link-full_width elementor-widget elementor-widget-icon-list\" data-id=\"7836536\" data-element_type=\"widget\" data-e-type=\"widget\" data-widget_type=\"icon-list.default\">\n\t\t\t\t\t\t\t<ul class=\"elementor-icon-list-items elementor-inline-items\">\n\t\t\t\t\t\t\t<li class=\"elementor-icon-list-item elementor-inline-item\">\n\t\t\t\t\t\t\t\t\t\t\t<a href=\"https:\/\/cybelevarela.com\/biography\/\">\n\n\t\t\t\t\t\t\t\t\t\t\t<span class=\"elementor-icon-list-text\">Biography<\/span>\n\t\t\t\t\t\t\t\t\t\t\t<\/a>\n\t\t\t\t\t\t\t\t\t<\/li>\n\t\t\t\t\t\t\t\t<li class=\"elementor-icon-list-item elementor-inline-item\">\n\t\t\t\t\t\t\t\t\t\t<span class=\"elementor-icon-list-text\"> Interviews <\/span>\n\t\t\t\t\t\t\t\t\t<\/li>\n\t\t\t\t\t\t\t\t<li class=\"elementor-icon-list-item elementor-inline-item\">\n\t\t\t\t\t\t\t\t\t\t\t<a href=\"https:\/\/cybelevarela.com\/collections\/\">\n\n\t\t\t\t\t\t\t\t\t\t\t<span class=\"elementor-icon-list-text\"><span style=\"color: #ff6600\">Collections<\/span><\/span>\n\t\t\t\t\t\t\t\t\t\t\t<\/a>\n\t\t\t\t\t\t\t\t\t<\/li>\n\t\t\t\t\t\t<\/ul>\n\t\t\t\t\t\t<\/div>\n\t\t\t\t\t<\/div>\n\t\t<\/div>\n\t\t\t\t\t<\/div>\n\t\t<\/section>\n\t\t\t\t<section class=\"elementor-section elementor-top-section elementor-element elementor-element-59d515f elementor-section-boxed elementor-section-height-default elementor-section-height-default\" data-id=\"59d515f\" data-element_type=\"section\" data-e-type=\"section\">\n\t\t\t\t\t\t<div class=\"elementor-container elementor-column-gap-default\">\n\t\t\t\t\t<div class=\"elementor-column elementor-col-100 elementor-top-column elementor-element elementor-element-aef1e71\" data-id=\"aef1e71\" data-element_type=\"column\" data-e-type=\"column\">\n\t\t\t<div class=\"elementor-widget-wrap elementor-element-populated\">\n\t\t\t\t\t\t<div class=\"elementor-element elementor-element-fa4d600 elementor-widget elementor-widget-text-editor\" data-id=\"fa4d600\" data-element_type=\"widget\" data-e-type=\"widget\" data-widget_type=\"text-editor.default\">\n\t\t\t\t\t\t\t\t\t<p><strong><span style=\"vertical-align: inherit;\"><span style=\"vertical-align: inherit;\">MUSEOS Y COLECCIONES P\u00daBLICAS<\/span><\/span><br \/><\/strong><\/p><p><span style=\"vertical-align: inherit;\"><span style=\"vertical-align: inherit;\">Museo Nacional de Arte Reina Sofia, Madri, Espanha<br \/>Fondation Gandur pour l\u2019art, Genebra, Sui\u00e7a<br \/>Museo de Arte de las Am\u00e9ricas, Washington DC, EE. UU. <\/span><\/span><br \/><span style=\"vertical-align: inherit;\"><span style=\"vertical-align: inherit;\">Art Perpetual Establishment, Basilea, <\/span><\/span><br \/><span style=\"vertical-align: inherit;\"><span style=\"vertical-align: inherit;\">Suiza Centro Georges Pompidou, Par\u00eds, Francia <\/span><\/span><br \/><span style=\"vertical-align: inherit;\"><span style=\"vertical-align: inherit;\">Centro Cultural de S\u00e3o Paulo, S\u00e3o Paulo, Brasil <\/span><\/span><br \/><span style=\"vertical-align: inherit;\"><span style=\"vertical-align: inherit;\">Colecci\u00f3n Gilberto Assis-Chateaubriand (MAM-RJ), R\u00edo de Janeiro, Brasil <\/span><\/span><br \/><span style=\"vertical-align: inherit;\"><span style=\"vertical-align: inherit;\">Colecci\u00f3n Jo\u00e3o Sattamini (MAC Niter\u00f3i), R\u00edo de Janeiro, Brasil <\/span><\/span><br \/><span style=\"vertical-align: inherit;\"><span style=\"vertical-align: inherit;\">Embajada de Brasil en Francia, Par\u00eds, Francia <\/span><\/span><br \/><span style=\"vertical-align: inherit;\"><span style=\"vertical-align: inherit;\">Embajada de Brasil en Sud\u00e1frica, Pretoria, Sud\u00e1frica <\/span><\/span><br \/><span style=\"vertical-align: inherit;\"><span style=\"vertical-align: inherit;\">Fonds Cantonal d&#8217;Art Contemporain, Ginebra, Suiza <\/span><\/span><br \/><span style=\"vertical-align: inherit;\"><span style=\"vertical-align: inherit;\">Fonds National d&#8217;Art Contemporain (FRAC), Par\u00eds, Francia <\/span><\/span><br \/><span style=\"vertical-align: inherit;\"><span style=\"vertical-align: inherit;\">Fundaci\u00f3n Cultural Petr\u00f3polis, Petr\u00f3polis, R\u00edo de Janeiro, Brasil <\/span><\/span><br \/><span style=\"vertical-align: inherit;\"><span style=\"vertical-align: inherit;\">Museo de Arte Moderno (MAM-RJ), R\u00edo de Janeiro, Brasil <\/span><\/span><br \/><span style=\"vertical-align: inherit;\"><span style=\"vertical-align: inherit;\">Museo de Arte Contempor\u00e1neo de Campinas (MACC), S\u00e3o Paulo, Brasil <\/span><\/span><br \/><span style=\"vertical-align: inherit;\"><span style=\"vertical-align: inherit;\">Museo de Arte Assis-Chateaubriand de S\u00e3o Paulo (MASP), S\u00e3o Paulo, Brasil <\/span><\/span><br \/><span style=\"vertical-align: inherit;\"><span style=\"vertical-align: inherit;\">Museo de Arte Contempor\u00e1neo de Paran\u00e1 (MAC-PR), Curitiba, Paran\u00e1, Brasil <\/span><\/span><br \/><span style=\"vertical-align: inherit;\"><span style=\"vertical-align: inherit;\">Museo Museum of Modern Art (MAM-SP), S\u00e3o Paulo, Brazil <\/span><\/span><br \/><span style=\"vertical-align: inherit;\"><span style=\"vertical-align: inherit;\">Museum of Contemporary Art (MAC-USP), S\u00e3o Paulo, Brazil <\/span><\/span><br \/><span style=\"vertical-align: inherit;\"><span style=\"vertical-align: inherit;\">Museum of Art of Bras\u00edlia, Bras\u00edlia, DF, Brazil <\/span><\/span><br \/><span style=\"vertical-align: inherit;\"><span style=\"vertical-align: inherit;\">Museum of Art of Esp\u00edrito Santo (MAES), Vitoria, Esp\u00edrito Santo, Brazil <\/span><\/span><br \/><span style=\"vertical-align: inherit;\"><span style=\"vertical-align: inherit;\">Museum of Modern Art of Belo Horizonte, Belo Horizonte, Minas Gerais, Brazil <\/span><\/span><br \/><span style=\"vertical-align: inherit;\"><span style=\"vertical-align: inherit;\">Museum of Contemporary Art of Niter\u00f3i, Rio de Janeiro, Brazil <\/span><\/span><br \/><span style=\"vertical-align: inherit;\"><span style=\"vertical-align: inherit;\">National Museum of Fine Arts (MNBA), Rio de Janeiro, Brazil <\/span><\/span><br \/><span style=\"vertical-align: inherit;\"><span style=\"vertical-align: inherit;\">Museum of Art of Goi\u00e2nia (MAG), Goi\u00e1s, Brazil <\/span><\/span><br \/><span style=\"vertical-align: inherit;\"><span style=\"vertical-align: inherit;\">Mus\u00e9e Cantonal des Beaux-Arts, Lausanne, Switzerland <\/span><\/span><br \/><span style=\"vertical-align: inherit;\"><span style=\"vertical-align: inherit;\">Mus\u00e9e Voltaire, Geneva, Switzerland <\/span><\/span><br \/><span style=\"vertical-align: inherit;\"><span style=\"vertical-align: inherit;\">Nestl\u00e9, Vevey, Switzerland <\/span><\/span><br \/><span style=\"vertical-align: inherit;\"><span style=\"vertical-align: inherit;\">Astronomical Observatory of Rio de Janeiro, Rio de Janeiro, Brazil <\/span><\/span><br \/><span style=\"vertical-align: inherit;\"><span style=\"vertical-align: inherit;\">Palais des Nations \u2013 UN, Geneva, Switzerland <\/span><\/span><br \/><span style=\"vertical-align: inherit;\"><span style=\"vertical-align: inherit;\">Saginaw Art Museum, Michigan, USA <\/span><\/span><br \/><span style=\"vertical-align: inherit;\"><span style=\"vertical-align: inherit;\">Temple de l&#8217;Humanit\u00e9 \u2013 Mus\u00e9e Auguste Comte, Paris, France <\/span><\/span><br \/><span style=\"vertical-align: inherit;\"><span style=\"vertical-align: inherit;\">Touring Club of Brazil, Rio de Janeiro, Brazil <\/span><\/span><br \/><span style=\"vertical-align: inherit;\"><span style=\"vertical-align: inherit;\">Touring Club of Brazil, Petropolis, Brazil <\/span><\/span><br \/><span style=\"vertical-align: inherit;\"><span style=\"vertical-align: inherit;\">World Intellectual Property Organizaci\u00f3n Mundial de la Propiedad Intelectual (OMPI), Ginebra, Suiza<\/span><\/span><\/p>\t\t\t\t\t\t\t\t<\/div>\n\t\t\t\t\t<\/div>\n\t\t<\/div>\n\t\t\t\t\t<\/div>\n\t\t<\/section>\n\t\t\t\t<\/div>\n\t\t","protected":false},"excerpt":{"rendered":"<p>Biography Interviews Collections MUSEOS Y COLECCIONES P\u00daBLICAS Museo Nacional de Arte Reina Sofia, Madri, EspanhaFondation Gandur pour l\u2019art, Genebra, Sui\u00e7aMuseo de Arte de las Am\u00e9ricas, Washington DC, EE. UU. Art Perpetual Establishment, Basilea, Suiza Centro Georges Pompidou, Par\u00eds, Francia Centro Cultural de S\u00e3o Paulo, S\u00e3o Paulo, Brasil Colecci\u00f3n Gilberto Assis-Chateaubriand (MAM-RJ), R\u00edo de Janeiro, Brasil [&hellip;]<\/p>\n","protected":false},"author":1,"featured_media":0,"parent":0,"menu_order":0,"comment_status":"closed","ping_status":"closed","template":"elementor_header_footer","meta":{"footnotes":""},"class_list":["post-615","page","type-page","status-publish","hentry"],"_links":{"self":[{"href":"https:\/\/cybelevarela.com\/pt-br\/wp-json\/wp\/v2\/pages\/615","targetHints":{"allow":["GET"]}}],"collection":[{"href":"https:\/\/cybelevarela.com\/pt-br\/wp-json\/wp\/v2\/pages"}],"about":[{"href":"https:\/\/cybelevarela.com\/pt-br\/wp-json\/wp\/v2\/types\/page"}],"author":[{"embeddable":true,"href":"https:\/\/cybelevarela.com\/pt-br\/wp-json\/wp\/v2\/users\/1"}],"replies":[{"embeddable":true,"href":"https:\/\/cybelevarela.com\/pt-br\/wp-json\/wp\/v2\/comments?post=615"}],"version-history":[{"count":3,"href":"https:\/\/cybelevarela.com\/pt-br\/wp-json\/wp\/v2\/pages\/615\/revisions"}],"predecessor-version":[{"id":966,"href":"https:\/\/cybelevarela.com\/pt-br\/wp-json\/wp\/v2\/pages\/615\/revisions\/966"}],"wp:attachment":[{"href":"https:\/\/cybelevarela.com\/pt-br\/wp-json\/wp\/v2\/media?parent=615"}],"curies":[{"name":"wp","href":"https:\/\/api.w.org\/{rel}","templated":true}]}}